{"id":18,"date":"2017-02-26T17:26:50","date_gmt":"2017-02-26T16:26:50","guid":{"rendered":"http:\/\/acupuncture-online.fr\/?page_id=18"},"modified":"2025-09-19T10:54:51","modified_gmt":"2025-09-19T08:54:51","slug":"soins","status":"publish","type":"page","link":"http:\/\/acupuncture-online.fr\/index.php\/soins\/","title":{"rendered":"Soins"},"content":{"rendered":"<ul>\n<li>Soins Chinois<\/li>\n<li>Moxibustion Japonaise<\/li>\n<li>Ventouses<\/li>\n<\/ul>\n<p>Attention: nous ne recevons pas les femmes enceintes et les enfants de moins de 3 ans.<\/p>\n<p><img loading=\"lazy\" decoding=\"async\" class=\"alignnone size-full wp-image-75\" src=\"http:\/\/acupuncture-online.fr\/wp-content\/uploads\/2017\/02\/IMG_6629-1.jpg\" alt=\"\" width=\"239\" height=\"290\" \/><\/p>\n<p><strong>TARIFS DES SOINS (CB et ch\u00e8ques accept\u00e9s)<\/strong><\/p>\n<ul>\n<li>S\u00e9ance d&rsquo;1h : <strong>65<\/strong>\u00a0euros<\/li>\n<li>Etudiant <strong>45<\/strong> Euros<\/li>\n<li>S\u00e9ance Enfant : <strong>35<\/strong> euros<\/li>\n<li>Arr\u00eat Tabac : \u00a0<strong>75<\/strong> euros (pr\u00e9voir 1 seule s\u00e9ance, rappel de points compris si besoin)<\/li>\n<\/ul>\n<p>&nbsp;<\/p>\n","protected":false},"excerpt":{"rendered":"<p>Soins Chinois Moxibustion Japonaise Ventouses Attention: nous ne recevons pas les femmes enceintes et les enfants de moins de 3 ans. TARIFS DES SOINS (CB et ch\u00e8ques accept\u00e9s) S\u00e9ance d&rsquo;1h : 65\u00a0euros Etudiant 45 Euros S\u00e9ance Enfant : 35 euros Arr\u00eat Tabac : \u00a075 euros (pr\u00e9voir 1 seule s\u00e9ance, rappel de points compris si besoin) [&hellip;]<\/p>\n","protected":false},"author":1,"featured_media":0,"parent":0,"menu_order":0,"comment_status":"closed","ping_status":"closed","template":"","meta":{"footnotes":""},"class_list":["post-18","page","type-page","status-publish","hentry"],"_links":{"self":[{"href":"http:\/\/acupuncture-online.fr\/index.php\/wp-json\/wp\/v2\/pages\/18","targetHints":{"allow":["GET"]}}],"collection":[{"href":"http:\/\/acupuncture-online.fr\/index.php\/wp-json\/wp\/v2\/pages"}],"about":[{"href":"http:\/\/acupuncture-online.fr\/index.php\/wp-json\/wp\/v2\/types\/page"}],"author":[{"embeddable":true,"href":"http:\/\/acupuncture-online.fr\/index.php\/wp-json\/wp\/v2\/users\/1"}],"replies":[{"embeddable":true,"href":"http:\/\/acupuncture-online.fr\/index.php\/wp-json\/wp\/v2\/comments?post=18"}],"version-history":[{"count":10,"href":"http:\/\/acupuncture-online.fr\/index.php\/wp-json\/wp\/v2\/pages\/18\/revisions"}],"predecessor-version":[{"id":116,"href":"http:\/\/acupuncture-online.fr\/index.php\/wp-json\/wp\/v2\/pages\/18\/revisions\/116"}],"wp:attachment":[{"href":"http:\/\/acupuncture-online.fr\/index.php\/wp-json\/wp\/v2\/media?parent=18"}],"curies":[{"name":"wp","href":"https:\/\/api.w.org\/{rel}","templated":true}]}}