{"id":96,"date":"2025-06-19T14:52:27","date_gmt":"2025-06-19T12:52:27","guid":{"rendered":"http:\/\/acupuncture-online.fr\/?page_id=96"},"modified":"2026-04-16T08:26:12","modified_gmt":"2026-04-16T06:26:12","slug":"formation-autonomie-sante","status":"publish","type":"page","link":"http:\/\/acupuncture-online.fr\/index.php\/formation-autonomie-sante\/","title":{"rendered":"Formation Autonomie Sant\u00e9"},"content":{"rendered":"<h1 data-start=\"408\" data-end=\"438\"><img loading=\"lazy\" decoding=\"async\" class=\"alignnone wp-image-98 aligncenter\" src=\"http:\/\/acupuncture-online.fr\/wp-content\/uploads\/2025\/06\/ChatGPT-Image-19-juin-2025-\u00e0-12_00_31-300x200.png\" alt=\"\" width=\"503\" height=\"335\" srcset=\"http:\/\/acupuncture-online.fr\/wp-content\/uploads\/2025\/06\/ChatGPT-Image-19-juin-2025-\u00e0-12_00_31-300x200.png 300w, http:\/\/acupuncture-online.fr\/wp-content\/uploads\/2025\/06\/ChatGPT-Image-19-juin-2025-\u00e0-12_00_31-768x512.png 768w, http:\/\/acupuncture-online.fr\/wp-content\/uploads\/2025\/06\/ChatGPT-Image-19-juin-2025-\u00e0-12_00_31-1024x683.png 1024w, http:\/\/acupuncture-online.fr\/wp-content\/uploads\/2025\/06\/ChatGPT-Image-19-juin-2025-\u00e0-12_00_31.png 1536w\" sizes=\"auto, (max-width: 503px) 100vw, 503px\" \/><\/h1>\n<h1 data-start=\"408\" data-end=\"438\">\ud83c\udf3f Formation Autonomie Sant\u00e9<\/h1>\n<p data-start=\"440\" data-end=\"516\"><strong data-start=\"440\" data-end=\"516\">Des gestes simples, anciens et efficaces pour reprendre sa sant\u00e9 en main<br \/>\n<span style=\"color: #993300;\">Si vous souhaitez recevoir des informations sur les prochaines dates, merci de vous inscrire ici :<\/span><\/strong><\/p>\n<p style=\"text-align: center;\" data-start=\"440\" data-end=\"516\"><div class=\"tnp tnp-subscription \">\n<form method=\"post\" action=\"http:\/\/acupuncture-online.fr\/wp-admin\/admin-ajax.php?action=tnp&amp;na=s\">\n<input type=\"hidden\" name=\"nlang\" value=\"\">\n<div class=\"tnp-field tnp-field-firstname\"><label for=\"tnp-1\">Pr\u00e9nom<\/label>\n<input class=\"tnp-name\" type=\"text\" name=\"nn\" id=\"tnp-1\" value=\"\" placeholder=\"\"><\/div>\n<div class=\"tnp-field tnp-field-email\"><label for=\"tnp-2\">E-mail<\/label>\n<input class=\"tnp-email\" type=\"email\" name=\"ne\" id=\"tnp-2\" value=\"\" placeholder=\"\" required><\/div>\n<div class=\"tnp-field tnp-field-button\" style=\"text-align: left\"><input class=\"tnp-submit\" type=\"submit\" value=\"S&#039;abonner\" style=\"\">\n<\/div>\n<\/form>\n<\/div>\n<\/p>\n<hr data-start=\"518\" data-end=\"521\" \/>\n<h2 data-start=\"523\" data-end=\"572\">Une journ\u00e9e pour devenir acteur de votre sant\u00e9<\/h2>\n<p data-start=\"574\" data-end=\"794\">Je propose cette formation \u00e0 destination de toutes celles et ceux qui souhaitent apprendre \u00e0 <strong data-start=\"667\" data-end=\"736\">soulager naturellement les douleurs et d\u00e9s\u00e9quilibres du quotidien<\/strong>, pour eux-m\u00eames ou leurs proches (y compris les enfants). Ce n&rsquo;est pas une formation pour les professionnels de sant\u00e9 bien qu&rsquo;ils soient les bienvenus.<\/p>\n<p data-start=\"796\" data-end=\"1008\">Transmise en petits groupes (10-12 personnes), cette journ\u00e9e s\u2019adresse \u00e0 tous, sans pr\u00e9requis.<br data-start=\"872\" data-end=\"875\" \/>Elle permet d\u2019acqu\u00e9rir des techniques <strong data-start=\"913\" data-end=\"963\">simples, concr\u00e8tes, et directement applicables<\/strong>, issues de mon exp\u00e9rience en cabinet, pour :<\/p>\n<ul data-start=\"1010\" data-end=\"1135\">\n<li data-start=\"1010\" data-end=\"1044\">\n<p data-start=\"1012\" data-end=\"1044\">Tendinites, entorses, arthrose<\/p>\n<\/li>\n<li data-start=\"1045\" data-end=\"1081\">\n<p data-start=\"1047\" data-end=\"1081\">Tensions musculaires, bronchites<\/p>\n<\/li>\n<li data-start=\"1082\" data-end=\"1110\">\n<p data-start=\"1084\" data-end=\"1110\">Stress, anxi\u00e9t\u00e9, fatigue<\/p>\n<\/li>\n<li data-start=\"1111\" data-end=\"1135\">\n<p data-start=\"1113\" data-end=\"1135\">Troubles du sommeil&#8230;<\/p>\n<\/li>\n<li data-start=\"1111\" data-end=\"1135\">Etc&#8230;<\/li>\n<\/ul>\n<hr data-start=\"1137\" data-end=\"1140\" \/>\n<h2 data-start=\"1142\" data-end=\"1175\">Une approche unique et vivante<\/h2>\n<p data-start=\"1177\" data-end=\"1339\">Ce n\u2019est pas un stage de \u201cbobologie\u201d. Ce que je transmets ici, ce sont <strong data-start=\"1248\" data-end=\"1307\">des outils que j\u2019utilise en consultation chaque semaine<\/strong>, et qui ont fait leurs preuves.<\/p>\n<p data-start=\"1341\" data-end=\"1376\">Au programme (selon les sessions) :<\/p>\n<ul data-start=\"1377\" data-end=\"1584\">\n<li data-start=\"1377\" data-end=\"1390\">\n<p data-start=\"1379\" data-end=\"1390\">Ventouses<\/p>\n<\/li>\n<li data-start=\"1391\" data-end=\"1416\">\n<p data-start=\"1393\" data-end=\"1416\">Moxibustion<\/p>\n<\/li>\n<li data-start=\"1417\" data-end=\"1459\">\n<p data-start=\"1419\" data-end=\"1459\">Hom\u00e9opathie familiale &amp; isoth\u00e9rapiques<\/p>\n<\/li>\n<li data-start=\"1460\" data-end=\"1507\">\n<p data-start=\"1462\" data-end=\"1507\">Massage miroir (principe de correspondance)<\/p>\n<\/li>\n<li data-start=\"1508\" data-end=\"1584\">\n<p data-start=\"1510\" data-end=\"1584\">Rem\u00e8des naturels : Quinton, gemmoth\u00e9rapie, fleurs du Bush, oligo-\u00e9l\u00e9ments\u2026<\/p>\n<\/li>\n<\/ul>\n<p data-start=\"1586\" data-end=\"1705\">Chaque formation m\u00eale <strong data-start=\"1608\" data-end=\"1648\">th\u00e9orie, d\u00e9monstrations, et pratique<\/strong>, avec des temps d\u2019\u00e9change pour r\u00e9pondre \u00e0 vos questions.<\/p>\n<p data-start=\"1586\" data-end=\"1705\"><img loading=\"lazy\" decoding=\"async\" class=\"alignnone size-medium wp-image-119\" src=\"http:\/\/acupuncture-online.fr\/wp-content\/uploads\/2025\/06\/Afficher-les-photos-r\u00e9centes-245x300.png\" alt=\"\" width=\"245\" height=\"300\" srcset=\"http:\/\/acupuncture-online.fr\/wp-content\/uploads\/2025\/06\/Afficher-les-photos-r\u00e9centes-245x300.png 245w, http:\/\/acupuncture-online.fr\/wp-content\/uploads\/2025\/06\/Afficher-les-photos-r\u00e9centes-768x939.png 768w, http:\/\/acupuncture-online.fr\/wp-content\/uploads\/2025\/06\/Afficher-les-photos-r\u00e9centes-837x1024.png 837w, http:\/\/acupuncture-online.fr\/wp-content\/uploads\/2025\/06\/Afficher-les-photos-r\u00e9centes.png 1290w\" sizes=\"auto, (max-width: 245px) 100vw, 245px\" \/>\u00a0 \u00a0 \u00a0\u00a0<img loading=\"lazy\" decoding=\"async\" class=\"size-medium wp-image-121\" src=\"http:\/\/acupuncture-online.fr\/wp-content\/uploads\/2025\/06\/IMG_1300-217x300.jpg\" alt=\"\" width=\"217\" height=\"300\" srcset=\"http:\/\/acupuncture-online.fr\/wp-content\/uploads\/2025\/06\/IMG_1300-217x300.jpg 217w, http:\/\/acupuncture-online.fr\/wp-content\/uploads\/2025\/06\/IMG_1300-768x1060.jpg 768w, http:\/\/acupuncture-online.fr\/wp-content\/uploads\/2025\/06\/IMG_1300-742x1024.jpg 742w, http:\/\/acupuncture-online.fr\/wp-content\/uploads\/2025\/06\/IMG_1300.jpg 1290w\" sizes=\"auto, (max-width: 217px) 100vw, 217px\" \/>\u00a0 \u00a0 \u00a0<img loading=\"lazy\" decoding=\"async\" class=\"size-medium wp-image-122\" src=\"http:\/\/acupuncture-online.fr\/wp-content\/uploads\/2025\/06\/IMG_1301-228x300.jpg\" alt=\"\" width=\"228\" height=\"300\" srcset=\"http:\/\/acupuncture-online.fr\/wp-content\/uploads\/2025\/06\/IMG_1301-228x300.jpg 228w, http:\/\/acupuncture-online.fr\/wp-content\/uploads\/2025\/06\/IMG_1301-768x1009.jpg 768w, http:\/\/acupuncture-online.fr\/wp-content\/uploads\/2025\/06\/IMG_1301-780x1024.jpg 780w, http:\/\/acupuncture-online.fr\/wp-content\/uploads\/2025\/06\/IMG_1301.jpg 1290w\" sizes=\"auto, (max-width: 228px) 100vw, 228px\" \/> <img loading=\"lazy\" decoding=\"async\" class=\"alignnone size-medium wp-image-137\" src=\"http:\/\/acupuncture-online.fr\/wp-content\/uploads\/2025\/11\/Certificat-de-reussite-Diplome-A4-Floral-Bleu-Gris-300x212.jpg\" alt=\"\" width=\"300\" height=\"212\" srcset=\"http:\/\/acupuncture-online.fr\/wp-content\/uploads\/2025\/11\/Certificat-de-reussite-Diplome-A4-Floral-Bleu-Gris-300x212.jpg 300w, http:\/\/acupuncture-online.fr\/wp-content\/uploads\/2025\/11\/Certificat-de-reussite-Diplome-A4-Floral-Bleu-Gris-1024x724.jpg 1024w, http:\/\/acupuncture-online.fr\/wp-content\/uploads\/2025\/11\/Certificat-de-reussite-Diplome-A4-Floral-Bleu-Gris-768x543.jpg 768w, http:\/\/acupuncture-online.fr\/wp-content\/uploads\/2025\/11\/Certificat-de-reussite-Diplome-A4-Floral-Bleu-Gris-1536x1086.jpg 1536w, http:\/\/acupuncture-online.fr\/wp-content\/uploads\/2025\/11\/Certificat-de-reussite-Diplome-A4-Floral-Bleu-Gris.jpg 2000w\" sizes=\"auto, (max-width: 300px) 100vw, 300px\" \/><\/p>\n<hr data-start=\"1707\" data-end=\"1710\" \/>\n<h2 data-start=\"1712\" data-end=\"1731\">\ud83d\udccd O\u00f9 et quand ?<\/h2>\n<p data-start=\"1733\" data-end=\"2036\">Les prochaines sessions seront indiqu\u00e9es ci-dessous (ou via le lien de billetterie).<br data-start=\"1817\" data-end=\"1820\" \/>Certains stages sont organis\u00e9s directement par moi, d&rsquo;autres le sont <strong data-start=\"1889\" data-end=\"2036\">en collaboration avec des personnes ou structures qui souhaitent accueillir la formation (elles se chargent alors du lieu et des participants).<\/strong><\/p>\n<h2 data-start=\"162\" data-end=\"216\">\ud83d\udcc5 Prochaines dates de la Formation Autonomie Sant\u00e9<\/h2>\n<h2 data-start=\"162\" data-end=\"216\"><\/h2>\n<p style=\"text-align: center;\" data-start=\"218\" data-end=\"453\"><br data-start=\"321\" data-end=\"324\" \/><img loading=\"lazy\" decoding=\"async\" class=\"alignnone size-thumbnail wp-image-154\" src=\"http:\/\/acupuncture-online.fr\/wp-content\/uploads\/2026\/01\/1314872-Lyon-150x150.jpg\" alt=\"\" width=\"150\" height=\"150\" srcset=\"http:\/\/acupuncture-online.fr\/wp-content\/uploads\/2026\/01\/1314872-Lyon-150x150.jpg 150w, http:\/\/acupuncture-online.fr\/wp-content\/uploads\/2026\/01\/1314872-Lyon-144x144.jpg 144w\" sizes=\"auto, (max-width: 150px) 100vw, 150px\" \/><\/p>\n<p data-start=\"218\" data-end=\"453\">\ud83d\udd38 <span style=\"color: #ff0000;\"><strong data-start=\"221\" data-end=\"321\"><a class=\"cursor-pointer\" style=\"color: #ff0000;\" target=\"_new\" rel=\"noopener\" data-start=\"223\" data-end=\"319\">LYON &#8211; le samedi <\/a><\/strong><\/span><span style=\"color: #ff0000;\"><strong data-start=\"221\" data-end=\"321\"><a class=\"cursor-pointer\" style=\"color: #ff0000;\" target=\"_new\" rel=\"noopener\" data-start=\"223\" data-end=\"319\">28 Mars 2026 <\/a><a class=\"cursor-pointer\" style=\"color: #ff0000;\" target=\"_new\" rel=\"noopener\" data-start=\"223\" data-end=\"319\"><span style=\"color: #0000ff;\">(COMPLET !)<\/span><\/a><\/strong><\/span><\/p>\n<p data-start=\"218\" data-end=\"453\">\u27a1\ufe0f Formation anim\u00e9e par Franck Labat<br data-start=\"360\" data-end=\"363\" \/>\u27a1\ufe0f Places limit\u00e9es \u00e0 12 personnes<br data-start=\"396\" data-end=\"399\" \/>\u27a1\ufe0f Tarif : 120 \u20ac (pauses comprises \u2013 repas non inclus)<br \/>\n<span style=\"font-size: revert;\">\u27a1\ufe0fLE LIEU DU STAGE : Lyon<\/span><\/p>\n<p data-start=\"218\" data-end=\"453\"><span style=\"font-size: revert;\"><br \/>\n<\/span><span style=\"font-size: revert;\">\u27a1\ufe0f Billetterie :\u00a0<\/span><a style=\"font-size: revert;\" href=\"https:\/\/www.billetweb.fr\/formation-autonomie-sante-lyon\">https:\/\/www.billetweb.fr\/formation-autonomie-sante-lyon<\/a><\/p>\n<h2 data-start=\"162\" data-end=\"216\"><\/h2>\n<p style=\"text-align: left;\" data-start=\"218\" data-end=\"453\"><img loading=\"lazy\" decoding=\"async\" class=\"alignnone size-thumbnail wp-image-153 aligncenter\" src=\"http:\/\/acupuncture-online.fr\/wp-content\/uploads\/2026\/01\/valence_-1626697070-150x150.jpg\" alt=\"\" width=\"150\" height=\"150\" srcset=\"http:\/\/acupuncture-online.fr\/wp-content\/uploads\/2026\/01\/valence_-1626697070-150x150.jpg 150w, http:\/\/acupuncture-online.fr\/wp-content\/uploads\/2026\/01\/valence_-1626697070-144x144.jpg 144w, http:\/\/acupuncture-online.fr\/wp-content\/uploads\/2026\/01\/valence_-1626697070-600x600.jpg 600w\" sizes=\"auto, (max-width: 150px) 100vw, 150px\" \/><\/p>\n<p style=\"text-align: left;\" data-start=\"218\" data-end=\"453\">\ud83d\udd38 <span style=\"color: #ff0000;\"><strong data-start=\"221\" data-end=\"321\"><a class=\"cursor-pointer\" style=\"color: #ff0000;\" target=\"_new\" rel=\"noopener\" data-start=\"223\" data-end=\"319\">VALENCE &#8211; le samedi <\/a><\/strong><\/span><span style=\"color: #ff0000;\"><strong data-start=\"221\" data-end=\"321\"><a class=\"cursor-pointer\" style=\"color: #ff0000;\" target=\"_new\" rel=\"noopener\" data-start=\"223\" data-end=\"319\">27 Juin 2026 <\/a><a class=\"cursor-pointer\" style=\"color: #ff0000;\" target=\"_new\" rel=\"noopener\" data-start=\"223\" data-end=\"319\"><span style=\"color: #0000ff;\">(COMPLET !)<\/span><\/a><\/strong><\/span><br data-start=\"321\" data-end=\"324\" \/>\u27a1\ufe0f Formation anim\u00e9e par Franck Labat<br data-start=\"360\" data-end=\"363\" \/>\u27a1\ufe0f Places limit\u00e9es \u00e0 10 personnes<br data-start=\"396\" data-end=\"399\" \/>\u27a1\ufe0f Tarif : 120 \u20ac (pauses comprises \u2013 repas non inclus)<br \/>\n<span style=\"font-size: revert;\">\u27a1\ufe0fLE LIEU DU STAGE : <\/span><span style=\"font-size: revert;\">SALLE DE L&rsquo;\u00c9MERAUDE &#8211; <\/span><span style=\"font-size: revert;\">5 Rue Jean Bertin &#8211; <\/span>26000 VALENCE<\/p>\n<p data-start=\"218\" data-end=\"453\">\u27a1\ufe0f Billetterie :\u00a0<a href=\"https:\/\/www.billetweb.fr\/formation-autonomie-sante-valence\">https:\/\/www.billetweb.fr\/formation-autonomie-sante-valence<\/a><\/p>\n<hr data-start=\"157\" data-end=\"160\" \/>\n<p style=\"text-align: left;\" data-start=\"218\" data-end=\"453\"><img loading=\"lazy\" decoding=\"async\" class=\"alignnone size-thumbnail wp-image-153 aligncenter\" src=\"http:\/\/acupuncture-online.fr\/wp-content\/uploads\/2026\/01\/valence_-1626697070-150x150.jpg\" alt=\"\" width=\"150\" height=\"150\" srcset=\"http:\/\/acupuncture-online.fr\/wp-content\/uploads\/2026\/01\/valence_-1626697070-150x150.jpg 150w, http:\/\/acupuncture-online.fr\/wp-content\/uploads\/2026\/01\/valence_-1626697070-144x144.jpg 144w, http:\/\/acupuncture-online.fr\/wp-content\/uploads\/2026\/01\/valence_-1626697070-600x600.jpg 600w\" sizes=\"auto, (max-width: 150px) 100vw, 150px\" \/><\/p>\n<p style=\"text-align: left;\" data-start=\"218\" data-end=\"453\">\ud83d\udd38 <span style=\"color: #ff0000;\"><strong data-start=\"221\" data-end=\"321\"><a class=\"cursor-pointer\" style=\"color: #ff0000;\" target=\"_new\" rel=\"noopener\" data-start=\"223\" data-end=\"319\">VALENCE &#8211; le samedi <\/a><\/strong><\/span><span style=\"color: #ff0000;\"><strong data-start=\"221\" data-end=\"321\"><a class=\"cursor-pointer\" style=\"color: #ff0000;\" target=\"_new\" rel=\"noopener\" data-start=\"223\" data-end=\"319\">3 octobre 2026 <\/a><\/strong><\/span><br data-start=\"321\" data-end=\"324\" \/>\u27a1\ufe0f Formation anim\u00e9e par Franck Labat<br data-start=\"360\" data-end=\"363\" \/>\u27a1\ufe0f Places limit\u00e9es \u00e0 10 personnes<br data-start=\"396\" data-end=\"399\" \/>\u27a1\ufe0f Tarif : 120 \u20ac (pauses comprises \u2013 repas non inclus)<br \/>\n<span style=\"font-size: revert;\">\u27a1\ufe0fLE LIEU DU STAGE : <\/span><span style=\"font-size: revert;\">SALLE DE L&rsquo;\u00c9MERAUDE &#8211; <\/span><span style=\"font-size: revert;\">5 Rue Jean Bertin &#8211; <\/span>26000 VALENCE<\/p>\n<p data-start=\"218\" data-end=\"453\">\u27a1\ufe0f Billetterie :\u00a0<a href=\"https:\/\/www.billetweb.fr\/fas-valence-3-octobre-2026\">https:\/\/www.billetweb.fr\/fas-valence-3-octobre-2026<\/a><\/p>\n<p data-start=\"218\" data-end=\"453\">\n<hr \/>\n<p style=\"text-align: center;\" data-start=\"218\" data-end=\"453\"><img loading=\"lazy\" decoding=\"async\" class=\"alignnone size-thumbnail wp-image-168\" src=\"http:\/\/acupuncture-online.fr\/wp-content\/uploads\/2026\/03\/images-1-150x150.jpeg\" alt=\"\" width=\"150\" height=\"150\" srcset=\"http:\/\/acupuncture-online.fr\/wp-content\/uploads\/2026\/03\/images-1-150x150.jpeg 150w, http:\/\/acupuncture-online.fr\/wp-content\/uploads\/2026\/03\/images-1-144x144.jpeg 144w, http:\/\/acupuncture-online.fr\/wp-content\/uploads\/2026\/03\/images-1.jpeg 225w\" sizes=\"auto, (max-width: 150px) 100vw, 150px\" \/><\/p>\n<p style=\"text-align: left;\" data-start=\"218\" data-end=\"453\">\ud83d\udd38 <span style=\"color: #ff0000;\"><strong data-start=\"221\" data-end=\"321\"><a class=\"cursor-pointer\" style=\"color: #ff0000;\" target=\"_new\" rel=\"noopener\" data-start=\"223\" data-end=\"319\">LAMASTRE &#8211; Automne<\/a><\/strong><\/span><span style=\"color: #ff0000;\"><strong data-start=\"221\" data-end=\"321\"><a class=\"cursor-pointer\" style=\"color: #ff0000;\" target=\"_new\" rel=\"noopener\" data-start=\"223\" data-end=\"319\"> 2026 (Date en cours)<\/a><\/strong><\/span><br data-start=\"321\" data-end=\"324\" \/>\u27a1\ufe0f Formation anim\u00e9e par Franck Labat<br data-start=\"360\" data-end=\"363\" \/>\u27a1\ufe0f Places limit\u00e9es \u00e0 10 personnes<br data-start=\"396\" data-end=\"399\" \/>\u27a1\ufe0f Tarif : 120 \u20ac (pauses comprises \u2013 repas non inclus)<br \/>\n<span style=\"font-size: revert;\">\u27a1\ufe0fLE LIEU DU STAGE : \u00e0 venir<\/span><\/p>\n<p data-start=\"218\" data-end=\"453\">\u27a1\ufe0f Billetterie :<span style=\"font-size: revert;\">\u00e0 venir<\/span><\/p>\n<hr \/>\n<p style=\"text-align: left;\" data-start=\"218\" data-end=\"453\">\ud83d\udd38 <span style=\"color: #ff0000;\"><strong data-start=\"221\" data-end=\"321\"><a class=\"cursor-pointer\" style=\"color: #ff0000;\" target=\"_new\" rel=\"noopener\" data-start=\"223\" data-end=\"319\">MARCHES &#8211; Automne<\/a><\/strong><\/span><span style=\"color: #ff0000;\"><strong data-start=\"221\" data-end=\"321\"><a class=\"cursor-pointer\" style=\"color: #ff0000;\" target=\"_new\" rel=\"noopener\" data-start=\"223\" data-end=\"319\"> 2026 (Date en cours)<\/a><\/strong><\/span><br data-start=\"321\" data-end=\"324\" \/>\u27a1\ufe0f Formation anim\u00e9e par Franck Labat<br data-start=\"360\" data-end=\"363\" \/>\u27a1\ufe0f Places limit\u00e9es \u00e0 10 personnes<br data-start=\"396\" data-end=\"399\" \/>\u27a1\ufe0f Tarif : 120 \u20ac (pauses comprises \u2013 repas non inclus)<br \/>\n<span style=\"font-size: revert;\">\u27a1\ufe0fLE LIEU DU STAGE : \u00e0 venir<\/span><\/p>\n<p data-start=\"218\" data-end=\"453\">\u27a1\ufe0f Billetterie :<span style=\"font-size: revert;\">\u00e0 venir<\/span><\/p>\n<hr \/>\n<h2 data-start=\"2178\" data-end=\"2242\">Int\u00e9ress\u00e9(e) pour accueillir la formation pr\u00e8s de chez vous ?<\/h2>\n<p data-start=\"2244\" data-end=\"2379\">Si vous souhaitez organiser cette journ\u00e9e dans votre r\u00e9gion (et rassembler un groupe), vous pouvez aussi me contacter pour en discuter.<\/p>\n<p data-start=\"2381\" data-end=\"2412\">\ud83d\udce9 <a class=\"cursor-pointer\" href=\"mailto:franck@acupuncture-online.fr\" data-start=\"2384\" data-end=\"2412\">franck@acupuncture-online.fr<\/a><\/p>\n","protected":false},"excerpt":{"rendered":"<p>\ud83c\udf3f Formation Autonomie Sant\u00e9 Des gestes simples, anciens et efficaces pour reprendre sa sant\u00e9 en main Si vous souhaitez recevoir des informations sur les prochaines dates, merci de vous inscrire ici : Une journ\u00e9e pour devenir acteur de votre sant\u00e9 Je propose cette formation \u00e0 destination de toutes celles et ceux qui souhaitent apprendre \u00e0 [&hellip;]<\/p>\n","protected":false},"author":1,"featured_media":0,"parent":0,"menu_order":0,"comment_status":"closed","ping_status":"closed","template":"","meta":{"footnotes":""},"class_list":["post-96","page","type-page","status-publish","hentry"],"_links":{"self":[{"href":"http:\/\/acupuncture-online.fr\/index.php\/wp-json\/wp\/v2\/pages\/96","targetHints":{"allow":["GET"]}}],"collection":[{"href":"http:\/\/acupuncture-online.fr\/index.php\/wp-json\/wp\/v2\/pages"}],"about":[{"href":"http:\/\/acupuncture-online.fr\/index.php\/wp-json\/wp\/v2\/types\/page"}],"author":[{"embeddable":true,"href":"http:\/\/acupuncture-online.fr\/index.php\/wp-json\/wp\/v2\/users\/1"}],"replies":[{"embeddable":true,"href":"http:\/\/acupuncture-online.fr\/index.php\/wp-json\/wp\/v2\/comments?post=96"}],"version-history":[{"count":32,"href":"http:\/\/acupuncture-online.fr\/index.php\/wp-json\/wp\/v2\/pages\/96\/revisions"}],"predecessor-version":[{"id":175,"href":"http:\/\/acupuncture-online.fr\/index.php\/wp-json\/wp\/v2\/pages\/96\/revisions\/175"}],"wp:attachment":[{"href":"http:\/\/acupuncture-online.fr\/index.php\/wp-json\/wp\/v2\/media?parent=96"}],"curies":[{"name":"wp","href":"https:\/\/api.w.org\/{rel}","templated":true}]}}